{"id":389,"date":"2015-01-25T20:15:06","date_gmt":"2015-01-25T18:15:06","guid":{"rendered":"http:\/\/streicherart.de\/?page_id=389"},"modified":"2023-04-24T11:42:59","modified_gmt":"2023-04-24T09:42:59","slug":"kontaktimpressum","status":"publish","type":"page","link":"https:\/\/streicherart.de\/?page_id=389","title":{"rendered":"Kontakt\/Impressum\/Disclaimer"},"content":{"rendered":"<h3>A<strong>ngaben gem\u00e4\u00df \u00a7 5 Telemediengesetz (TMG):<\/strong><\/h3>\n<p><em><strong>Kerstin Streicher<\/strong><br \/>\nFreischaffende K\u00fcnstlerin<\/em><\/p>\n<p>Hohlweg 7<br \/>\n<em> 63628 Bad Soden Salm\u00fcnster<br \/>\n06660-1723<br \/>\n<\/em><\/p>\n<p><em>Email: <a href=\"mailto:sprenkel@hotmail.de\">sprenkel@hotmail.de<\/a><\/em><br \/>\n<em> Web: <a href=\"http:\/\/www.streicherart.de\">http:\/\/www.streicherart.de<\/a><\/em><\/p>\n<p><strong>Verantwortlicher f\u00fcr den Inhalt ist gem\u00e4\u00df \u00a7 55 Abs. 2 RStV:<br \/>\n<\/strong><br \/>\nKerstin Streicher<br \/>\nHohlweg 7<br \/>\n63628 Bad Soden Salm\u00fcnster<strong><br \/>\n<\/strong><\/p>\n<hr \/>\n<p>Alle, auf dieser Seite ver\u00f6ffentlichten Bilder und Texte unterliegen dem Urheberrecht von Kerstin Streicher und d\u00fcrfen ohne ausdr\u00fcckliche Erlaubnis nicht kopiert oder weitergegeben werden!<\/p>\n<p>Die Ver\u00f6ffentlichung aller Portraits, unterliegen dem ausdr\u00fccklichem Einverst\u00e4ndnis der jeweils gezeigten (gezeichneten) Personen und d\u00fcrfen von mir gezeigt werden!<\/p>\n<h4>Alle Rechte vorbehalten.<\/h4>\n<p>Quellen:<br \/>\n<a href=\"https:\/\/www.schaffert.de\/\">https:\/\/www.schaffert.de\/<\/a><a href=\"https:\/\/www.schau-und-spiel.de\"><br \/>\nhttps:\/\/www.schau-und-spiel.de\/<\/a><a href=\"http:\/\/www.schelly.de\"><br \/>\nhttp:\/\/www.schelly.de<\/a><br \/>\n<a href=\"http:\/\/www.mariowirthmann.de\">luftbild osthessen<\/a><br \/>\n<a href=\"https:\/\/chillagano.format.com\">Chillagano Photography<\/a><br \/>\n<a href=\"http:\/\/www.jimlyngvild.dk\/?fbclid=IwAR2axcRGVD2GU-jPuffPsWku95CYGl2m9iPmX1KR28H9XwIQF8fsPh2xNh4\" target=\"_blank\" rel=\"noopener nofollow noreferrer\" data-ft=\"{&quot;tn&quot;:&quot;-U&quot;}\" data-lynx-mode=\"asynclazy\" data-lynx-uri=\"https:\/\/l.facebook.com\/l.php?u=http%3A%2F%2Fwww.jimlyngvild.dk%2F%3Ffbclid%3DIwAR2axcRGVD2GU-jPuffPsWku95CYGl2m9iPmX1KR28H9XwIQF8fsPh2xNh4&amp;h=AT2Va3a2VGhBYr_-OZdxvvLXLGEDFcD1Qmi55PIpHUObI78F7-uEE2Zc5KBtGFLL05ZUDzrapYQWUm-K7DQSEkeIqpd8UVdyyiPhYNQ5BToF-hu2DhR0ZduQLuTsfoZXAjhGwvap\">www.jimlyngvild.dk<\/a><br \/>\n<a href=\"http:\/\/holgerreinert.jimdofree.com\">H.R. Pictures<\/a><br \/>\nund eigene Bildvorlagen<\/p>\n<p><strong>1. Haftungsbeschr\u00e4nkung<\/strong><br \/>\nDie Inhalte des Internetauftritts wurden mit gr\u00f6\u00dftm\u00f6glicher Sorgfalt und nach bestem Gewissen erstellt. Dennoch \u00fcbernimmt der Anbieter dieser Webseite keine Gew\u00e4hr f\u00fcr die Aktualit\u00e4t, Vollst\u00e4ndigkeit und Richtigkeit der bereitgestellten Seiten und Inhalte.<\/p>\n<p>Als Diensteanbieter ist der Anbieter dieser Webseite gem\u00e4\u00df \u00a7 7 Abs. 1 TMG f\u00fcr eigene Inhalte und bereitgestellte Informationen auf diesen Seiten nach den allgemeinen Gesetzen verantwortlich; nach den \u00a7\u00a7 8 bis 10 TMG jedoch nicht verpflichtet, die \u00fcbermittelten oder gespeicherten fremden Informationen zu \u00fcberwachen. Eine Entfernung oder Sperrung dieser Inhalte erfolgt umgehend ab dem Zeitpunkt der Kenntnis einer konkreten Rechtsverletzung. Eine Haftung ist erst ab dem Zeitpunkt der Kenntniserlangung m\u00f6glich.<\/p>\n<p><strong>2. Externe Links<\/strong><br \/>\nDie Webseite enth\u00e4lt sog. \u201eexterne Links\u201c (Verlinkungen) zu anderen Webseiten, auf deren Inhalt der Anbieter der Webseite keinen Einfluss hat. Aus diesem Grund kann der Anbieter f\u00fcr diese Inhalte auch keine Gew\u00e4hr \u00fcbernehmen.<br \/>\nF\u00fcr die Inhalte und Richtigkeit der bereitgestellten Informationen ist der jeweilige Anbieter der verlinkten Webseite verantwortlich. Zum Zeitpunkt der Verlinkung waren keine Rechtsverst\u00f6\u00dfe erkennbar. Bei Bekanntwerden einer solchen Rechtsverletzung wird der Link umgehend entfernen.<\/p>\n<p><strong>3. Urheberrecht\/Leistungsschutzrecht<\/strong><br \/>\nDie auf dieser Webseite ver\u00f6ffentlichten Inhalte, Werke und bereitgestellten Informationen unterliegen dem deutschen Urheberrecht und Leistungsschutzrecht. Jede Art der Vervielf\u00e4ltigung, Bearbeitung, Verbreitung, Einspeicherung und jede Art der Verwertung au\u00dferhalb der Grenzen des Urheberrechts bedarf der vorherigen schriftlichen Zustimmung des jeweiligen Rechteinhabers. Das unerlaubte Kopieren\/Speichern der bereitgestellten Informationen auf diesen Webseiten ist nicht gestattet und strafbar.<\/p>\n<p><strong>4. Datenschutz<\/strong><br \/>\nDurch den Besuch des Internetauftritts k\u00f6nnen Informationen (Datum, Uhrzeit, aufgerufene Seite) \u00fcber den Zugriff auf dem Server gespeichert werden. Es werden keine personenbezogenenen (z. B. Name, Anschrift oder E-Mail-Adresse) Daten, gespeichert.<\/p>\n<p>Sofern personenbezogene Daten erhoben werden, erfolgt dies, sofern m\u00f6glich, nur mit dem vorherigen Einverst\u00e4ndnis des Nutzers der Webseite. Eine Weitergabe der Daten an Dritte findet ohne ausdr\u00fcckliche Zustimmung des Nutzers nicht statt.<\/p>\n<p>Der Anbieter weist darauf hin, dass die \u00dcbertragung von Daten im Internet (z. B. per E-Mail) Sicherheitsl\u00fccken aufweisen und ein l\u00fcckenloser Schutz der Daten vor dem Zugriff Dritter nicht gew\u00e4hrleistet werden kann. Der Anbieter \u00fcbernimmt keine Haftung f\u00fcr die durch solche Sicherheitsl\u00fccken entstandenen Sch\u00e4den.<\/p>\n<p>Der Verwendung der Kontaktdaten durch Dritte zur gewerblichen Nutzung wird ausdr\u00fccklich widersprochen. Es sei denn, der Anbieter hat zuvor seine schriftliche Einwilligung erteilt.<br \/>\nDer Anbieter beh\u00e4lt sich rechtliche Schritte f\u00fcr den Fall der unverlangten Zusendung von Werbeinformationen, z. B. durch Spam-Mails, vor. Quelle: <a href=\"http:\/\/www.mustervorlage.net\/disclaimer-muster\">Disclaimer-Muster<\/a><\/p>\n<hr \/>\n<p><strong>Limitation of liability for internal content<\/strong><\/p>\n<p>The content of our website has been compiled with meticulous care and to the best of our knowledge. However, we cannot assume any liability for the up-to-dateness, completeness or accuracy of any of the pages.<\/p>\n<p>Pursuant to section 7, para. 1 of the TMG (Telemediengesetz \u2013 Tele Media Act by German law), we as service providers are liable for our own content on these pages in accordance with general laws. However, pursuant to sections 8 to 10 of the TMG, we as service providers are not under obligation to monitor external information provided or stored on our website. Once we have become aware of a specific infringement of the law, we will immediately remove the content in question. Any liability concerning this matter can only be assumed from the point in time at which the infringement becomes known to us.<\/p>\n<p><strong>Limitation of liability for external links<\/strong><\/p>\n<p>Our website contains links to the websites of third parties (\u201eexternal links\u201c). As the content of these websites is not under our control, we cannot assume any liability for such external content. In all cases, the provider of information of the linked websites is liable for the content and accuracy of the information provided. At the point in time when the links were placed, no infringements of the law were recognisable to us. As soon as an infringement of the law becomes known to us, we will immediately remove the link in question.<\/p>\n<p><strong>Copyright<\/strong><\/p>\n<p>The content and works published on this website are governed by the copyright laws of Germany. Any duplication, processing, distribution or any form of utilisation beyond the scope of copyright law shall require the prior written consent of the author or authors in question.<\/p>\n<p><strong>Data protection<\/strong><\/p>\n<p>A visit to our website can result in the storage on our server of information about the access (date, time, page accessed). This does not represent any analysis of personal data (e.g., name, address or e-mail address). If personal data are collected, this only occurs \u2013 to the extent possible \u2013 with the prior consent of the user of the website. Any forwarding of the data to third parties without the express consent of the user shall not take place.<\/p>\n<p>We would like to expressly point out that the transmission of data via the Internet (e.g., by e-mail) can offer security vulnerabilities. It is therefore impossible to safeguard the data completely against access by third parties. We cannot assume any liability for damages arising as a result of such security vulnerabilities.<\/p>\n<p>The use by third parties of all published contact details for the purpose of advertising is expressly excluded. We reserve the right to take legal steps in the case of the unsolicited sending of advertising information; e.g., by means of spam mail.<\/p>\n<p>Source: <a href=\"http:\/\/www.mustervorlage.net\/disclaimer-muster#Englisch\">Mustervorlage.net<\/a><\/p>\n<h5><span style=\"text-decoration: underline;\">\u00a0<\/span><\/h5>\n","protected":false},"excerpt":{"rendered":"<p>Angaben gem\u00e4\u00df \u00a7 5 Telemediengesetz (TMG): Kerstin Streicher Freischaffende K\u00fcnstlerin Hohlweg 7 63628 Bad Soden Salm\u00fcnster 06660-1723 Email: sprenkel@hotmail.de Web: http:\/\/www.streicherart.de Verantwortlicher f\u00fcr den Inhalt ist gem\u00e4\u00df \u00a7 55 Abs. 2 RStV: Kerstin Streicher Hohlweg 7 63628 Bad Soden Salm\u00fcnster Alle, auf dieser Seite ver\u00f6ffentlichten Bilder und Texte unterliegen dem Urheberrecht von Kerstin Streicher und[&#8230;]<\/p>\n","protected":false},"author":2,"featured_media":0,"parent":0,"menu_order":0,"comment_status":"closed","ping_status":"open","template":"","meta":{"footnotes":""},"class_list":["post-389","page","type-page","status-publish","hentry"],"_links":{"self":[{"href":"https:\/\/streicherart.de\/index.php?rest_route=\/wp\/v2\/pages\/389","targetHints":{"allow":["GET"]}}],"collection":[{"href":"https:\/\/streicherart.de\/index.php?rest_route=\/wp\/v2\/pages"}],"about":[{"href":"https:\/\/streicherart.de\/index.php?rest_route=\/wp\/v2\/types\/page"}],"author":[{"embeddable":true,"href":"https:\/\/streicherart.de\/index.php?rest_route=\/wp\/v2\/users\/2"}],"replies":[{"embeddable":true,"href":"https:\/\/streicherart.de\/index.php?rest_route=%2Fwp%2Fv2%2Fcomments&post=389"}],"version-history":[{"count":30,"href":"https:\/\/streicherart.de\/index.php?rest_route=\/wp\/v2\/pages\/389\/revisions"}],"predecessor-version":[{"id":2682,"href":"https:\/\/streicherart.de\/index.php?rest_route=\/wp\/v2\/pages\/389\/revisions\/2682"}],"wp:attachment":[{"href":"https:\/\/streicherart.de\/index.php?rest_route=%2Fwp%2Fv2%2Fmedia&parent=389"}],"curies":[{"name":"wp","href":"https:\/\/api.w.org\/{rel}","templated":true}]}}