{"id":2734,"date":"2023-03-27T08:12:42","date_gmt":"2023-03-27T06:12:42","guid":{"rendered":"https:\/\/streicherart.de\/?page_id=2734"},"modified":"2023-05-16T11:42:21","modified_gmt":"2023-05-16T09:42:21","slug":"auftragsarbeit-2","status":"publish","type":"page","link":"https:\/\/streicherart.de\/?page_id=2734","title":{"rendered":"Auftragsarbeit, aktuelles"},"content":{"rendered":"\n<p class=\"has-text-align-center\">Es ist mal wieder soweit, mein Terminkalender ist ziemlich voll und ich komme kaum mit malen nach.<br>Deswegen werde ich in den n\u00e4chsten Wochen erstmal keine neuen Auftr\u00e4ge mehr annehmen.<br>Danke f\u00fcr euer Verst\u00e4ndnis!<\/p>\n","protected":false},"excerpt":{"rendered":"<p>Es ist mal wieder soweit, mein Terminkalender ist ziemlich voll und ich komme kaum mit malen nach.Deswegen werde ich in den n\u00e4chsten Wochen erstmal keine neuen Auftr\u00e4ge mehr annehmen.Danke f\u00fcr euer Verst\u00e4ndnis!<\/p>\n","protected":false},"author":2,"featured_media":0,"parent":0,"menu_order":0,"comment_status":"closed","ping_status":"closed","template":"","meta":{"footnotes":""},"class_list":["post-2734","page","type-page","status-publish","hentry"],"_links":{"self":[{"href":"https:\/\/streicherart.de\/index.php?rest_route=\/wp\/v2\/pages\/2734","targetHints":{"allow":["GET"]}}],"collection":[{"href":"https:\/\/streicherart.de\/index.php?rest_route=\/wp\/v2\/pages"}],"about":[{"href":"https:\/\/streicherart.de\/index.php?rest_route=\/wp\/v2\/types\/page"}],"author":[{"embeddable":true,"href":"https:\/\/streicherart.de\/index.php?rest_route=\/wp\/v2\/users\/2"}],"replies":[{"embeddable":true,"href":"https:\/\/streicherart.de\/index.php?rest_route=%2Fwp%2Fv2%2Fcomments&post=2734"}],"version-history":[{"count":4,"href":"https:\/\/streicherart.de\/index.php?rest_route=\/wp\/v2\/pages\/2734\/revisions"}],"predecessor-version":[{"id":2763,"href":"https:\/\/streicherart.de\/index.php?rest_route=\/wp\/v2\/pages\/2734\/revisions\/2763"}],"wp:attachment":[{"href":"https:\/\/streicherart.de\/index.php?rest_route=%2Fwp%2Fv2%2Fmedia&parent=2734"}],"curies":[{"name":"wp","href":"https:\/\/api.w.org\/{rel}","templated":true}]}}