{"id":2083,"date":"2020-09-08T15:40:40","date_gmt":"2020-09-08T13:40:40","guid":{"rendered":"http:\/\/streicherart.de\/?page_id=2083"},"modified":"2023-04-24T11:42:59","modified_gmt":"2023-04-24T09:42:59","slug":"willkommen","status":"publish","type":"page","link":"https:\/\/streicherart.de\/","title":{"rendered":"Sie interessieren sich f\u00fcr Kunst?"},"content":{"rendered":"\n<p class=\"has-text-align-center\">Dann freue ich mich, Sie auf meiner Homepage begr\u00fc\u00dfen zu d\u00fcrfen!<br><br>Mein Name ist Kerstin Streicher und ich wohne im hessischen Bereich des sch\u00f6nen Spessarts.<br>Meine Leidenschaft ist das Bleistiftzeichnen.<br><br>Als freischaffende K\u00fcnstlerin wecken \u00fcberwiegend menschliche und tierische Portraits mein Interesse und mein Bestreben liegt darin in meinen realistischen Zeichnungen, eine Art von Lebendigkeit einzuhauchen.<br><br>Sehen Sie selbst und bilden sich eine Meinung!<\/p>\n\n\n\n<p><\/p>\n\n\n\n<p class=\"has-text-align-center\"><\/p>\n\n\n<div class=\"wp-block-image\">\n<figure class=\"aligncenter size-large is-resized\"><img loading=\"lazy\" decoding=\"async\" src=\"https:\/\/streicherart.de\/wp-content\/uploads\/2014\/12\/IMG_3472W.jpg\" alt=\"\" class=\"wp-image-1503\" width=\"377\" height=\"525\" srcset=\"https:\/\/streicherart.de\/wp-content\/uploads\/2014\/12\/IMG_3472W.jpg 574w, https:\/\/streicherart.de\/wp-content\/uploads\/2014\/12\/IMG_3472W-215x300.jpg 215w, https:\/\/streicherart.de\/wp-content\/uploads\/2014\/12\/IMG_3472W-370x516.jpg 370w\" sizes=\"auto, (max-width: 377px) 100vw, 377px\" \/><figcaption class=\"wp-element-caption\">(Quelle : www.schau-und-spiel.de)<\/figcaption><\/figure>\n<\/div>\n\n\n<p class=\"has-text-align-center\">Der R\u00e4uberhauptmann und andere Zeichnungen, finden sie in der Rubrik  &#8222;SpessART&#8220;.<br><br><br>Aber nicht nur realistische Portraits begeistern mich&#8230;<br>Vor ein paar Jahren entdeckte ich auch einen anderen Maluntergrund f\u00fcr mich &#8230;.und zwar Holz!<br><br>In liebevoller Handarbeit entstehen kleine Gem\u00e4lde, auf nat\u00fcrlichem Untergrund. Auf Holzscheiben!<br>Die Scheiben stammen von unterschiedlichen Baumsorten, aus dem heimischen Spessart-Wald. <br><br>Jede Scheibe ist ein Unikat.<\/p>\n\n\n<div class=\"wp-block-image\">\n<figure class=\"aligncenter size-large is-resized\"><img loading=\"lazy\" decoding=\"async\" src=\"https:\/\/streicherart.de\/wp-content\/uploads\/2020\/12\/20200124_192937-1-edited.jpg\" alt=\"\" class=\"wp-image-2254\" width=\"378\" height=\"376\" srcset=\"https:\/\/streicherart.de\/wp-content\/uploads\/2020\/12\/20200124_192937-1-edited.jpg 1910w, https:\/\/streicherart.de\/wp-content\/uploads\/2020\/12\/20200124_192937-1-edited-1024x1022.jpg 1024w, https:\/\/streicherart.de\/wp-content\/uploads\/2020\/12\/20200124_192937-1-edited-150x150.jpg 150w, https:\/\/streicherart.de\/wp-content\/uploads\/2020\/12\/20200124_192937-1-edited-768x766.jpg 768w, https:\/\/streicherart.de\/wp-content\/uploads\/2020\/12\/20200124_192937-1-edited-1536x1533.jpg 1536w\" sizes=\"auto, (max-width: 378px) 100vw, 378px\" \/><figcaption class=\"wp-element-caption\">(Rubrik: WoodART)<\/figcaption><\/figure>\n<\/div>\n\n\n<p>Viel Spa\u00df beim st\u00f6bern auf meiner Internetseite.<br>Wenn Ihnen meine Kunstwerke gefallen haben, w\u00fcrde ich mich sehr \u00fcber nette Kommentare freuen!<br><br>Ihre Kerstin Streicher<br>StreicherArt<\/p>\n\n\n\n<p><\/p>\n","protected":false},"excerpt":{"rendered":"<p>Dann freue ich mich, Sie auf meiner Homepage begr\u00fc\u00dfen zu d\u00fcrfen! Mein Name ist Kerstin Streicher und ich wohne im hessischen Bereich des sch\u00f6nen Spessarts.Meine Leidenschaft ist das Bleistiftzeichnen. Als freischaffende K\u00fcnstlerin wecken \u00fcberwiegend menschliche und tierische Portraits mein Interesse und mein Bestreben liegt darin in meinen realistischen Zeichnungen, eine Art von Lebendigkeit einzuhauchen. Sehen[&#8230;]<\/p>\n","protected":false},"author":2,"featured_media":0,"parent":0,"menu_order":0,"comment_status":"closed","ping_status":"closed","template":"","meta":{"footnotes":""},"class_list":["post-2083","page","type-page","status-publish","hentry"],"_links":{"self":[{"href":"https:\/\/streicherart.de\/index.php?rest_route=\/wp\/v2\/pages\/2083","targetHints":{"allow":["GET"]}}],"collection":[{"href":"https:\/\/streicherart.de\/index.php?rest_route=\/wp\/v2\/pages"}],"about":[{"href":"https:\/\/streicherart.de\/index.php?rest_route=\/wp\/v2\/types\/page"}],"author":[{"embeddable":true,"href":"https:\/\/streicherart.de\/index.php?rest_route=\/wp\/v2\/users\/2"}],"replies":[{"embeddable":true,"href":"https:\/\/streicherart.de\/index.php?rest_route=%2Fwp%2Fv2%2Fcomments&post=2083"}],"version-history":[{"count":15,"href":"https:\/\/streicherart.de\/index.php?rest_route=\/wp\/v2\/pages\/2083\/revisions"}],"predecessor-version":[{"id":2626,"href":"https:\/\/streicherart.de\/index.php?rest_route=\/wp\/v2\/pages\/2083\/revisions\/2626"}],"wp:attachment":[{"href":"https:\/\/streicherart.de\/index.php?rest_route=%2Fwp%2Fv2%2Fmedia&parent=2083"}],"curies":[{"name":"wp","href":"https:\/\/api.w.org\/{rel}","templated":true}]}}