{"id":1675,"date":"2018-05-27T21:32:40","date_gmt":"2018-05-27T19:32:40","guid":{"rendered":"http:\/\/streicherart.de\/?page_id=1675"},"modified":"2023-04-24T11:42:58","modified_gmt":"2023-04-24T09:42:58","slug":"750-jahrfeier","status":"publish","type":"page","link":"https:\/\/streicherart.de\/?page_id=1675","title":{"rendered":"750 Jahrfeier, 2017"},"content":{"rendered":"\n<p>Merneser K\u00fcnstler<br>Ausstellung in der Kunstscheune.<br>Anl\u00e4sslich der 750 Jahrfeier in Mernes. Juli 2017.<\/p>\n\n\n\n<figure class=\"wp-block-image is-resized\"><a href=\"https:\/\/streicherart.de\/?attachment_id=1674\" rel=\"attachment wp-att-1674\"><img loading=\"lazy\" decoding=\"async\" src=\"https:\/\/streicherart.de\/wp-content\/uploads\/2018\/05\/20170709_105140.jpg\" alt=\"\" class=\"wp-image-1674\" width=\"434\" height=\"326\" srcset=\"https:\/\/streicherart.de\/wp-content\/uploads\/2018\/05\/20170709_105140.jpg 3984w, https:\/\/streicherart.de\/wp-content\/uploads\/2018\/05\/20170709_105140-300x225.jpg 300w, https:\/\/streicherart.de\/wp-content\/uploads\/2018\/05\/20170709_105140-768x576.jpg 768w, https:\/\/streicherart.de\/wp-content\/uploads\/2018\/05\/20170709_105140-1024x768.jpg 1024w\" sizes=\"auto, (max-width: 434px) 100vw, 434px\" \/><\/a><\/figure>\n\n\n\n<hr class=\"wp-block-separator\"\/>\n\n\n\n<figure class=\"wp-block-image is-resized\"><a href=\"https:\/\/streicherart.de\/?attachment_id=1679\" rel=\"attachment wp-att-1679\"><img loading=\"lazy\" decoding=\"async\" src=\"https:\/\/streicherart.de\/wp-content\/uploads\/2018\/05\/IMG_3476.jpg\" alt=\"\" class=\"wp-image-1679\" width=\"433\" height=\"288\" srcset=\"https:\/\/streicherart.de\/wp-content\/uploads\/2018\/05\/IMG_3476.jpg 3088w, https:\/\/streicherart.de\/wp-content\/uploads\/2018\/05\/IMG_3476-300x200.jpg 300w, https:\/\/streicherart.de\/wp-content\/uploads\/2018\/05\/IMG_3476-768x511.jpg 768w, https:\/\/streicherart.de\/wp-content\/uploads\/2018\/05\/IMG_3476-1024x682.jpg 1024w\" sizes=\"auto, (max-width: 433px) 100vw, 433px\" \/><\/a><\/figure>\n\n\n\n<p>Dankesch\u00f6n, f\u00fcr diese wundersch\u00f6ne Ausstellungsm\u00f6glichkeit.<\/p>\n","protected":false},"excerpt":{"rendered":"<p>Merneser K\u00fcnstlerAusstellung in der Kunstscheune.Anl\u00e4sslich der 750 Jahrfeier in Mernes. Juli 2017. Dankesch\u00f6n, f\u00fcr diese wundersch\u00f6ne Ausstellungsm\u00f6glichkeit.<\/p>\n","protected":false},"author":2,"featured_media":0,"parent":466,"menu_order":4,"comment_status":"closed","ping_status":"closed","template":"","meta":{"footnotes":""},"class_list":["post-1675","page","type-page","status-publish","hentry"],"_links":{"self":[{"href":"https:\/\/streicherart.de\/index.php?rest_route=\/wp\/v2\/pages\/1675","targetHints":{"allow":["GET"]}}],"collection":[{"href":"https:\/\/streicherart.de\/index.php?rest_route=\/wp\/v2\/pages"}],"about":[{"href":"https:\/\/streicherart.de\/index.php?rest_route=\/wp\/v2\/types\/page"}],"author":[{"embeddable":true,"href":"https:\/\/streicherart.de\/index.php?rest_route=\/wp\/v2\/users\/2"}],"replies":[{"embeddable":true,"href":"https:\/\/streicherart.de\/index.php?rest_route=%2Fwp%2Fv2%2Fcomments&post=1675"}],"version-history":[{"count":6,"href":"https:\/\/streicherart.de\/index.php?rest_route=\/wp\/v2\/pages\/1675\/revisions"}],"predecessor-version":[{"id":2281,"href":"https:\/\/streicherart.de\/index.php?rest_route=\/wp\/v2\/pages\/1675\/revisions\/2281"}],"up":[{"embeddable":true,"href":"https:\/\/streicherart.de\/index.php?rest_route=\/wp\/v2\/pages\/466"}],"wp:attachment":[{"href":"https:\/\/streicherart.de\/index.php?rest_route=%2Fwp%2Fv2%2Fmedia&parent=1675"}],"curies":[{"name":"wp","href":"https:\/\/api.w.org\/{rel}","templated":true}]}}